{"id":33,"date":"2010-11-10T14:13:00","date_gmt":"2010-11-10T10:13:00","guid":{"rendered":"http:\/\/didem-ozan.de\/wordpress\/?page_id=33"},"modified":"2023-04-08T19:51:07","modified_gmt":"2023-04-08T15:51:07","slug":"produkte","status":"publish","type":"page","link":"http:\/\/didem-ozan.de\/wordpress\/produkte","title":{"rendered":"Artikel"},"content":{"rendered":"<p><span style=\"color: #808080;\"><strong>April 2023, Zeit online, 10 nach 8:<\/strong><\/span><\/p>\n<p><a href=\"https:\/\/www.zeit.de\/kultur\/2023-03\/tuerkei-mega-bauprojekte-kapitalismus-folgen\/komplettansicht\">Kapitalismus ist ein verschwundener Garten<\/a><\/p>\n<p><span style=\"color: #808080;\"><strong>Januar 2021, Zeit online, 10 nach 8:<\/strong> <\/span><\/p>\n<p><a href=\"https:\/\/www.zeit.de\/kultur\/2021-01\/muttersprache-tuerkisch-deutschland-integration-familie-tradition-mehrsprachigkeit-10vor8\">Das Lieblingskleid im Keller<\/a><\/p>\n<p><span style=\"color: #888888;\"><strong>August 2018, Zeit online, 10 nach 8: <\/strong><\/span><\/p>\n<p><span style=\"color: #888888;\"><a href=\"https:\/\/www.zeit.de\/kultur\/2018-08\/turmwaechterin-tuermerin-muenster-kirchtuerme-10nach8\">Die T\u00fcrmerin von M\u00fcnster<\/a><strong><br \/>\n<\/strong><\/span><\/p>\n<p><span style=\"color: #888888;\"><strong>Mai 2018, Zeit online, 10 nach 8:<\/strong><\/span><\/p>\n<p><a href=\"https:\/\/www.zeit.de\/kultur\/2018-05\/stadtrat-ehrenamt-nrw-lokalpolitik-engagement-10nach8\/komplettansicht?print\">Blo\u00df nicht aufgeben!<\/a><\/p>\n<p><span style=\"color: #888888;\"><strong>M\u00e4rz 2018, Zeit online, 10 nach 8:<\/strong><\/span><\/p>\n<p><a href=\"https:\/\/www.zeit.de\/kultur\/2018-03\/sparkasse-gleichstellung-marlies-kraemer-feminismus-konto-10nach8\">Ums Konto k\u00fcmmert sich der Mann.<\/a><\/p>\n<p><span style=\"color: #888888;\"><strong>April 2017, Alternative Kommunalpolitik:<\/strong><\/span><\/p>\n<p>Baumschutzsatzung: Effektiv oder nur b\u00fcrokratisch?<\/p>\n<p><span style=\"color: #888888;\"><strong>Mai 2016, Alternative Kommunalpolitik:<\/strong><\/span><\/p>\n<p>Zwischen Papierberg und Tablet: Digitalisierung der Ratsarbeit<\/p>\n<p><span style=\"color: #888888;\"><strong>Juli 2013, Wir Frauen<\/strong>:<\/span><\/p>\n<p>&#8222;Bodies of Interest in Occupy Gezi &#8211; Die junge t\u00fcrkische Protestbewegung und ihre Sprache&#8220;. In: Wir Frauen: Sprachliche Praxis als emanzipatorische Praxis<\/p>\n","protected":false},"excerpt":{"rendered":"<p>April 2023, Zeit online, 10 nach 8: Kapitalismus ist ein verschwundener Garten Januar 2021, Zeit online, 10 nach 8: Das Lieblingskleid im Keller August 2018, Zeit online, 10 nach 8: Die T\u00fcrmerin von M\u00fcnster Mai 2018, Zeit online, 10 nach 8: Blo\u00df nicht aufgeben! M\u00e4rz 2018, Zeit online, 10 nach 8: Ums Konto k\u00fcmmert sich <a class=\"more-link\" href=\"http:\/\/didem-ozan.de\/wordpress\/produkte\">weiterlesen&#8230;<\/a><\/p>\n","protected":false},"author":1,"featured_media":0,"parent":0,"menu_order":4,"comment_status":"closed","ping_status":"closed","template":"","meta":{"footnotes":""},"aioseo_notices":[],"_links":{"self":[{"href":"http:\/\/didem-ozan.de\/wordpress\/wp-json\/wp\/v2\/pages\/33"}],"collection":[{"href":"http:\/\/didem-ozan.de\/wordpress\/wp-json\/wp\/v2\/pages"}],"about":[{"href":"http:\/\/didem-ozan.de\/wordpress\/wp-json\/wp\/v2\/types\/page"}],"author":[{"embeddable":true,"href":"http:\/\/didem-ozan.de\/wordpress\/wp-json\/wp\/v2\/users\/1"}],"replies":[{"embeddable":true,"href":"http:\/\/didem-ozan.de\/wordpress\/wp-json\/wp\/v2\/comments?post=33"}],"version-history":[{"count":42,"href":"http:\/\/didem-ozan.de\/wordpress\/wp-json\/wp\/v2\/pages\/33\/revisions"}],"predecessor-version":[{"id":1539,"href":"http:\/\/didem-ozan.de\/wordpress\/wp-json\/wp\/v2\/pages\/33\/revisions\/1539"}],"wp:attachment":[{"href":"http:\/\/didem-ozan.de\/wordpress\/wp-json\/wp\/v2\/media?parent=33"}],"curies":[{"name":"wp","href":"https:\/\/api.w.org\/{rel}","templated":true}]}}